{"id":10,"date":"2017-11-09T16:05:22","date_gmt":"2017-11-09T16:05:22","guid":{"rendered":"https:\/\/www.urios-networks.com\/?page_id=10"},"modified":"2019-09-19T14:47:35","modified_gmt":"2019-09-19T12:47:35","slug":"impressum","status":"publish","type":"page","link":"https:\/\/www.urios-networks.com\/en\/impressum\/","title":{"rendered":"Imprint"},"content":{"rendered":"<div class=\"csc-textpic-text\">\n<p class=\"bodytext\">Urios Beratungsgesellschaft mbH<\/p>\n<p class=\"bodytext\">Seestra\u00dfe 131<\/p>\n<p class=\"bodytext\"><b>13353 Berlin<\/b><\/p>\n<p class=\"bodytext\"><b>Inhaltlich Verantwortliche gem\u00e4\u00df \u00a7 6 MDStV:<\/b> <a href=\"mailto:janko.jochimsen@urios-beratung.de\">Dr. Janko Jochimsen<\/a><\/p>\n<p class=\"bodytext\"><b>Konzeption\/Inhalte: <\/b><a href=\"mailto:janko.jochimsen@urios-beratung.de\">Dr. Janko Jochimsen<\/a><\/p>\n<p class=\"bodytext\"><b>Entwicklung und technische Umsetzung: <\/b><a href=\"mailto:christoph.jander@urios-beratung.de\">Christoph Jander<\/a><\/p>\n<p class=\"bodytext\"><b>Webmaster:<\/b> <a class=\"mail\" href=\"mailto:christoph.jander@urios-beratung.de\">Christoph Jander<\/a><\/p>\n<p class=\"bodytext\"><b>CMS:wordpress<\/b><\/p>\n<\/div>","protected":false},"excerpt":{"rendered":"<p>Urios Beratungsgesellschaft mbH Seestra\u00dfe 131 13353 Berlin Inhaltlich Verantwortliche gem\u00e4\u00df \u00a7 6 MDStV: Dr. Janko Jochimsen Konzeption\/Inhalte: Dr. Janko Jochimsen Entwicklung und technische Umsetzung: Christoph Jander Webmaster: Christoph Jander CMS:wordpress<\/p>","protected":false},"author":1,"featured_media":0,"parent":0,"menu_order":0,"comment_status":"closed","ping_status":"closed","template":"","meta":{"footnotes":""},"class_list":["post-10","page","type-page","status-publish","hentry","latest_post"],"_links":{"self":[{"href":"https:\/\/www.urios-networks.com\/en\/wp-json\/wp\/v2\/pages\/10","targetHints":{"allow":["GET"]}}],"collection":[{"href":"https:\/\/www.urios-networks.com\/en\/wp-json\/wp\/v2\/pages"}],"about":[{"href":"https:\/\/www.urios-networks.com\/en\/wp-json\/wp\/v2\/types\/page"}],"author":[{"embeddable":true,"href":"https:\/\/www.urios-networks.com\/en\/wp-json\/wp\/v2\/users\/1"}],"replies":[{"embeddable":true,"href":"https:\/\/www.urios-networks.com\/en\/wp-json\/wp\/v2\/comments?post=10"}],"version-history":[{"count":4,"href":"https:\/\/www.urios-networks.com\/en\/wp-json\/wp\/v2\/pages\/10\/revisions"}],"predecessor-version":[{"id":1751,"href":"https:\/\/www.urios-networks.com\/en\/wp-json\/wp\/v2\/pages\/10\/revisions\/1751"}],"wp:attachment":[{"href":"https:\/\/www.urios-networks.com\/en\/wp-json\/wp\/v2\/media?parent=10"}],"curies":[{"name":"wp","href":"https:\/\/api.w.org\/{rel}","templated":true}]}}