{"id":1518,"date":"2018-04-11T12:50:53","date_gmt":"2018-04-11T12:50:53","guid":{"rendered":"https:\/\/www.urios-networks.com\/?page_id=1518"},"modified":"2018-04-12T14:43:40","modified_gmt":"2018-04-12T12:43:40","slug":"angebotsanfrage-kaspersky-promo","status":"publish","type":"page","link":"https:\/\/www.urios-networks.com\/en\/angebotsanfrage-kaspersky-promo\/","title":{"rendered":"Angebotsanfrage Kaspersky Promo"},"content":{"rendered":"<h2>MACHEN SIE IHR NETZWERK FIT F\u00dcR DIE DSGVO<\/h2>\n<p><strong>BIS ZU 30 % DISCOUNT F\u00dcR DAS UPGRADE AUF DIE STUFE ADVANCED<\/strong><\/p>\n<h4><\/h4>\n<p>Mit der Einf\u00fchrung der EU-Datenschutzgrundverordnung wird der Schutz von Daten und IT-Systemen wesentlich anspruchsvoller! Als Kaspersky-Bestandskunden bekommen Sie mit dem Upgrade auf Kaspersky Endpoint Security for Business Advanced eine L\u00f6sung, die Sicherheit mit Effizienz vereint und die neuen Bestimmungen zur EU-Datenschutzgrundverordnung entscheidend unterst\u00fctzt.<\/p>\n<p>&nbsp;<\/p>\n<p><a href=\"https:\/\/www.urios-networks.com\/wp-content\/uploads\/2018\/04\/q1_q2_kes_adv_pic.jpg\" data-rel=\"lightbox-image-0\" data-rl_title=\"\" data-rl_caption=\"\" title=\"\"><img loading=\"lazy\" decoding=\"async\" class=\"aligncenter size-large wp-image-1563\" src=\"data:image\/gif;base64,R0lGODlhAQABAAAAACH5BAEKAAEALAAAAAABAAEAAAICTAEAOw==\" data-layzr=\"https:\/\/www.urios-networks.com\/wp-content\/uploads\/2018\/04\/q1_q2_kes_adv_pic-1024x213.jpg\" alt=\"\" width=\"750\" height=\"156\" \/><\/a><\/p>\n<h4>Wie unterst\u00fctzt Kaspersky Endpoint Security Advanced die DSGVO:<\/h4>\n<p>Schwachstellenanalyse &amp; Patch-Management<\/p>\n<ul>\n<li>Essentiell zum Schutz vor Ransomware und relevant f\u00fcr die Anforderung nach DSGVO<\/li>\n<li>Denn wenn Daten abhandenkommen oder auch schon der Zugriff darauf unm\u00f6glich ist, stellt dies einen Datenschutzversto\u00df dar.<\/li>\n<\/ul>\n<h4>Datenverschl\u00fcsselung<\/h4>\n<ul>\n<li>Der Schutz aller personenbezogenen Daten ist Kern der DSGVO und Unternehmen m\u00fcssen das Risiko minimieren, diese Daten extern lesbar zu machen.<\/li>\n<li>Unsere L\u00f6sung bietet verschiedene Arten der Verschl\u00fcsselung:<\/li>\n<\/ul>\n<ul>\n<li>&#8211; File\/Folder Verschl\u00fcsselung<\/li>\n<li>&#8211; Festplattenverschl\u00fcsselung<\/li>\n<li>&#8211; Verschl\u00fcsselung von Wechseldatentr\u00e4gern<\/li>\n<\/ul>\n<h4>Bestellen Sie jetzt!<\/h4>\n<p>Bestellen Sie Kaspersky Endpoint Security for Business Advanced mit einem erheblichen Discount\u00a0 als Bestandskunden mit Kaspersky Endpoint Security Select. Dieses Angebot ist g\u00fcltig im Lizenzband 10 bis maximal 999 und befristet bis zum 30.06.2018.<\/p>\n\n<div class=\"wpcf7 no-js\" id=\"wpcf7-f15-o1\" lang=\"de-DE\" dir=\"ltr\" data-wpcf7-id=\"15\">\n<div class=\"screen-reader-response\"><p role=\"status\" aria-live=\"polite\" aria-atomic=\"true\"><\/p> <ul><\/ul><\/div>\n<form action=\"\/en\/wp-json\/wp\/v2\/pages\/1518#wpcf7-f15-o1\" method=\"post\" class=\"wpcf7-form init\" aria-label=\"Kontaktformular\" novalidate=\"novalidate\" data-status=\"init\" data-trp-original-action=\"\/en\/wp-json\/wp\/v2\/pages\/1518#wpcf7-f15-o1\">\n<fieldset class=\"hidden-fields-container\"><input type=\"hidden\" name=\"_wpcf7\" value=\"15\" \/><input type=\"hidden\" name=\"_wpcf7_version\" value=\"6.1.5\" \/><input type=\"hidden\" name=\"_wpcf7_locale\" value=\"de_DE\" \/><input type=\"hidden\" name=\"_wpcf7_unit_tag\" value=\"wpcf7-f15-o1\" \/><input type=\"hidden\" name=\"_wpcf7_container_post\" value=\"0\" \/><input type=\"hidden\" name=\"_wpcf7_posted_data_hash\" value=\"\" \/><input type=\"hidden\" name=\"_wpcf7_recaptcha_response\" value=\"\" \/>\n<\/fieldset>\n<p><label> Your Name (required field)<br \/>\n<span class=\"wpcf7-form-control-wrap\" data-name=\"your-name\"><input size=\"40\" maxlength=\"400\" class=\"wpcf7-form-control wpcf7-text wpcf7-validates-as-required\" aria-required=\"true\" aria-invalid=\"false\" value=\"\" type=\"text\" name=\"your-name\" \/><\/span> <\/label>\n<\/p>\n<p><label> Your Email Address (required field)<br \/>\n<span class=\"wpcf7-form-control-wrap\" data-name=\"your-email\"><input size=\"40\" maxlength=\"400\" class=\"wpcf7-form-control wpcf7-email wpcf7-validates-as-required wpcf7-text wpcf7-validates-as-email\" aria-required=\"true\" aria-invalid=\"false\" value=\"\" type=\"email\" name=\"your-email\" \/><\/span> <\/label>\n<\/p>\n<p><label> Subject<br \/>\n<span class=\"wpcf7-form-control-wrap\" data-name=\"your-subject\"><input size=\"40\" maxlength=\"400\" class=\"wpcf7-form-control wpcf7-text\" aria-invalid=\"false\" value=\"\" type=\"text\" name=\"your-subject\" \/><\/span> <\/label>\n<\/p>\n<p><label> Ihre Angebotsanfrage<br \/>\n<span class=\"wpcf7-form-control-wrap\" data-name=\"your-number\"><input class=\"wpcf7-form-control wpcf7-number wpcf7-validates-as-required wpcf7-validates-as-number required\" min=\"1\" step=\"1\" aria-required=\"true\" aria-invalid=\"false\" value=\"1\" type=\"number\" name=\"your-number\" \/><\/span> <\/label>\n<\/p>\n<p><label> Zus\u00e4tzliche Anfragen<br \/>\n<span class=\"wpcf7-form-control-wrap\" data-name=\"your-message\"><textarea cols=\"40\" rows=\"10\" maxlength=\"2000\" class=\"wpcf7-form-control wpcf7-textarea\" aria-invalid=\"false\" name=\"your-message\"><\/textarea><\/span> <\/label>\n<\/p>\n<p><input class=\"wpcf7-form-control wpcf7-submit has-spinner\" type=\"submit\" value=\"Send\" \/>\n<\/p><p style=\"display: none !important;\" class=\"akismet-fields-container\" data-prefix=\"_wpcf7_ak_\"><label>&#916;<textarea name=\"_wpcf7_ak_hp_textarea\" cols=\"45\" rows=\"8\" maxlength=\"100\"><\/textarea><\/label><input type=\"hidden\" id=\"ak_js_1\" name=\"_wpcf7_ak_js\" value=\"159\"\/><script>document.getElementById( \"ak_js_1\" ).setAttribute( \"value\", ( new Date() ).getTime() );<\/script><\/p><div class=\"wpcf7-response-output\" aria-hidden=\"true\"><\/div>\n<input type=\"hidden\" name=\"trp-form-language\" value=\"en\"\/><\/form>\n<\/div>","protected":false},"excerpt":{"rendered":"<p>MACHEN SIE IHR NETZWERK FIT F\u00dcR DIE DSGVO BIS ZU 30 % DISCOUNT F\u00dcR DAS UPGRADE AUF DIE STUFE ADVANCED Mit der Einf\u00fchrung der EU-Datenschutzgrundverordnung wird der Schutz von Daten und IT-Systemen wesentlich anspruchsvoller! Als Kaspersky-Bestandskunden bekommen Sie mit dem Upgrade auf Kaspersky Endpoint Security for Business Advanced eine L\u00f6sung, die Sicherheit mit Effizienz vereint &hellip; <\/p>","protected":false},"author":1,"featured_media":0,"parent":0,"menu_order":0,"comment_status":"closed","ping_status":"closed","template":"","meta":{"footnotes":""},"class_list":["post-1518","page","type-page","status-publish","hentry","latest_post"],"_links":{"self":[{"href":"https:\/\/www.urios-networks.com\/en\/wp-json\/wp\/v2\/pages\/1518","targetHints":{"allow":["GET"]}}],"collection":[{"href":"https:\/\/www.urios-networks.com\/en\/wp-json\/wp\/v2\/pages"}],"about":[{"href":"https:\/\/www.urios-networks.com\/en\/wp-json\/wp\/v2\/types\/page"}],"author":[{"embeddable":true,"href":"https:\/\/www.urios-networks.com\/en\/wp-json\/wp\/v2\/users\/1"}],"replies":[{"embeddable":true,"href":"https:\/\/www.urios-networks.com\/en\/wp-json\/wp\/v2\/comments?post=1518"}],"version-history":[{"count":4,"href":"https:\/\/www.urios-networks.com\/en\/wp-json\/wp\/v2\/pages\/1518\/revisions"}],"predecessor-version":[{"id":1565,"href":"https:\/\/www.urios-networks.com\/en\/wp-json\/wp\/v2\/pages\/1518\/revisions\/1565"}],"wp:attachment":[{"href":"https:\/\/www.urios-networks.com\/en\/wp-json\/wp\/v2\/media?parent=1518"}],"curies":[{"name":"wp","href":"https:\/\/api.w.org\/{rel}","templated":true}]}}