{"id":75,"date":"2018-01-31T14:53:17","date_gmt":"2018-01-31T14:53:17","guid":{"rendered":"https:\/\/www.urios-networks.com\/?page_id=75"},"modified":"2018-12-16T13:23:52","modified_gmt":"2018-12-16T12:23:52","slug":"strategische-beratung-zur-it-landschaft-des-unternehmens","status":"publish","type":"page","link":"https:\/\/www.urios-networks.com\/en\/strategische-beratung-zur-it-landschaft-des-unternehmens\/","title":{"rendered":"Strategische Beratung zur IT-Landschaft eines Unternehmens"},"content":{"rendered":"<h3><i class=\"fa fa-plug\" ><\/i> Planung von Netzwerken<\/h3>\n<p>Ein gut funktionierendes Netzwerk ist das A und O eines Unternehmens, ohne das Internet funktioniert heute nichts mehr. Wenn Sie ein neues Netzwerk in Ihrem Unternehmen einrichten wollen, k\u00f6nnen Sie das gerne uns \u00fcberlassen. Wir k\u00fcmmern uns um die Beschaffung von Server, Netzwerkkabeln und Switches. Nach sorgsamer Planung richten wir Ihnen Ihr Netzwerk ein und k\u00fcmmern uns auch anschlie\u00dfend um die Wartung, um einen reibungslosen Ablauf zu gew\u00e4hrleisten.<\/p>\n<h3><i class=\"fa fa-server\" ><\/i> Planung der Server-Infrastruktur<\/h3>\n<p>Auch kleine Unternehmen ben\u00f6tigen heutzutage immer \u00f6fter einen eigenen Server. Doch die Planung hierf\u00fcr ist nicht ohne. Was f\u00fcr einen Server genau brauche ich? Wie viele Accounts m\u00fcssen verwaltet werden? Wer k\u00fcmmert sich anschlie\u00dfend die Administration?<\/p>\n<p>Diese Fragen kl\u00e4ren wir f\u00fcr sie. Wir Analysieren Ihre Firma und passen den Server auf Ihre Bed\u00fcrfnisse an. Und auch die anschlie\u00dfende Administration \u00fcbernehmen wir f\u00fcr Sie.<\/p>\n<h3>Planung und Umsetzung Ausschreibungsverfahren f\u00fcr fachliche Software<\/h3>\n<p>Sollten Sie spezielle Software f\u00fcr Ihr Unternehmen ben\u00f6tigen sind wir der richtige Ansprechpartner. Gerne machen wir uns auf die Suche f\u00fcr Sie, vergleichen Software und Angebote und verhandeln f\u00fcr Sie den besten Preis.<\/p>\n<p>Nat\u00fcrlich achten wir bei der Auswahl der Software darauf, dass Ihre Mitarbeiter sich problemlos in diese eingearbeitet bekommen. Sollten Sie trotzdem eine Schulung f\u00fcr Ihre Mitarbeiter ben\u00f6tigen, so \u00fcbernehmen wir diese Einweisung gerne.<\/p>\n<h3><i class=\"fa fa-wifi\" ><\/i> Konzeption von drahtlosen Netzwerken<\/h3>\n<p>Um ein drahtloses Netzwerk logisch zu konzipieren bedarf es einer vern\u00fcnftigen Planung. Wie viele Endger\u00e4te m\u00fcssen gleichzeitig auf das Netzwerk zugreifen k\u00f6nnen? Welche Bandbreite wird ben\u00f6tigt? Wir k\u00fcmmern uns darum, dass Sie \u00fcberall im Geb\u00e4ude einen guten Empfang haben.<\/p>\n<p>Dies realisieren wir mit der Simulationssoftware von Ekahau. Wir ben\u00f6tigen nur ein paar Informationen \u00fcber das Geb\u00e4ude, wie zum Beispiel die Bausubstanz und die vorhandene Infrastruktur und schon kann es losgehen. Mithilfe von Grundrisszeichnungen simulieren wir die beste Anordnung und Menge von Access Points. Ganz ohne Vor-Ort-Termin.<\/p>\n<p>Aber nat\u00fcrlich kommen wir auch gerne bei Ihnen vorbei und gucken uns die Gegebenheiten an, um bei der Planung m\u00f6gliche St\u00f6rfaktoren mit einzuplanen.<\/p>\n<p>Fragen Sie uns einfach, wir sind f\u00fcr Sie da!<\/p>","protected":false},"excerpt":{"rendered":"<p>Planung von Netzwerken Ein gut funktionierendes Netzwerk ist das A und O eines Unternehmens, ohne das Internet funktioniert heute nichts mehr. Wenn Sie ein neues Netzwerk in Ihrem Unternehmen einrichten wollen, k\u00f6nnen Sie das gerne uns \u00fcberlassen. Wir k\u00fcmmern uns um die Beschaffung von Server, Netzwerkkabeln und Switches. Nach sorgsamer Planung richten wir Ihnen Ihr &hellip; <\/p>","protected":false},"author":3,"featured_media":0,"parent":0,"menu_order":0,"comment_status":"closed","ping_status":"closed","template":"","meta":{"footnotes":""},"class_list":["post-75","page","type-page","status-publish","hentry","latest_post"],"_links":{"self":[{"href":"https:\/\/www.urios-networks.com\/en\/wp-json\/wp\/v2\/pages\/75","targetHints":{"allow":["GET"]}}],"collection":[{"href":"https:\/\/www.urios-networks.com\/en\/wp-json\/wp\/v2\/pages"}],"about":[{"href":"https:\/\/www.urios-networks.com\/en\/wp-json\/wp\/v2\/types\/page"}],"author":[{"embeddable":true,"href":"https:\/\/www.urios-networks.com\/en\/wp-json\/wp\/v2\/users\/3"}],"replies":[{"embeddable":true,"href":"https:\/\/www.urios-networks.com\/en\/wp-json\/wp\/v2\/comments?post=75"}],"version-history":[{"count":10,"href":"https:\/\/www.urios-networks.com\/en\/wp-json\/wp\/v2\/pages\/75\/revisions"}],"predecessor-version":[{"id":137,"href":"https:\/\/www.urios-networks.com\/en\/wp-json\/wp\/v2\/pages\/75\/revisions\/137"}],"wp:attachment":[{"href":"https:\/\/www.urios-networks.com\/en\/wp-json\/wp\/v2\/media?parent=75"}],"curies":[{"name":"wp","href":"https:\/\/api.w.org\/{rel}","templated":true}]}}